{"id":85,"date":"2021-11-26T14:40:42","date_gmt":"2021-11-26T14:40:42","guid":{"rendered":"https:\/\/weidmann-maschinenbau.com\/index.php\/home\/"},"modified":"2026-01-05T06:36:44","modified_gmt":"2026-01-05T06:36:44","slug":"home","status":"publish","type":"page","link":"https:\/\/weidmann-maschinenbau.com\/fr\/","title":{"rendered":"home"},"content":{"rendered":"<section class=\"skrollable u-clearfix u-image u-parallax u-shading u-section-2\" src=\"\" id=\"H-Intro\" data-image-width=\"1600\" data-image-height=\"1066\" style=\"background-image: linear-gradient(0deg, rgba(255, 255, 255, 0.1), rgba(255, 255, 255, 0.1)), url(&quot;https:\/\/weidmann-maschinenbau.com\/wp-content\/uploads\/2021\/11\/stimmungs_detailbilder_detail2_2560.jpg&quot;);\">\n      <div class=\"u-clearfix u-sheet u-sheet-1\">\n        <h1 class=\"u-text u-text-palette-1-base u-title u-text-1\"> Le sp\u00e9cialiste des presses \u00e0 mandriner <\/h1>\n        <h2 class=\"u-subtitle u-text u-text-palette-1-base u-text-2\"> Par des pros pour les pros<\/h2>\n      <\/div>\n    <\/section>\n    <section class=\"skrollable u-clearfix u-grey-10 u-section-3\" id=\"carousel_9b7b\">\n      <div class=\"u-clearfix u-sheet u-valign-middle u-sheet-1\">\n        <h2 class=\"u-text u-text-palette-3-base u-text-1\"> Presses<\/h2>\n        <p class=\"u-align-justify u-hover-feature u-text u-text-body-color u-text-2\"> Les presses \u00e0 mandriner Weidmann conviennent non seulement \u00e0 tous les travaux d\u2019estampage et de presse, de 1,5 \u00e0 5 tonnes de pression (selon le mod\u00e8le), mais \u00e9gale-ment au brochage, dressage, presse, cintrage, rivetage, matri\u00e7age, estampage et montage, surtout dans les secteurs de la construction automobile ou l\u2019industrie m\u00e9canique. Les ateliers de SAV, de maintenance et de r\u00e9paration sont d\u2019autres domaines d\u2019application pl\u00e9biscit\u00e9s.&nbsp;<br>Les solides structures avec grande hauteur libre et longue course conf\u00e8rent une grande polyvalence d\u2019utilisation aux presses \u00e0 mandriner Weidmann. Les arbres cannel\u00e9s de l\u2019engrenage sont en acier de c\u00e9mentation de haute qualit\u00e9. Les points d\u2019appui des arbres d\u2019entra\u00eenement sont polis et lubrifi\u00e9s sous pression. <br>Les presses \u00e0 mandriner Weidmann se distinguent par leur grande facilit\u00e9 d\u2019utilisation, elles sont quasi sans entretien et b\u00e9n\u00e9ficient d\u2019une fourniture de pi\u00e8ces d\u00e9tach\u00e9es simple et continuellement garantie.&nbsp;<br>En tant que fabricant unique, nous \u00e9quipons, pour des raisons de s\u00e9curit\u00e9, toutes nos presses \u00e0 mandriner d\u2019un frein r\u00e9glable, qui emp\u00eache une descente incontr\u00f4l\u00e9e du piston et, donc, minimise les risques d\u2019accident.&nbsp;<br>Toutes les presses \u00e0 mandriner comprennent un plateau tournant \u00e0 quatre fentes et les presses sont disponibles avec volant poign\u00e9e ou en \u00e9toile et, sur demande, dans un coloris sp\u00e9cial. \n        <\/p>\n        <p class=\"u-text u-text-body-color u-text-3\">Conseil: cliquez sur le titre pour acc\u00e9der \u00e0 la presse recherch\u00e9e.<\/p>\n        <div class=\"u-expanded-width u-list u-list-1\">\n          <div class=\"u-repeater u-repeater-1\">\n            <div class=\"u-container-style u-image u-list-item u-repeater-item u-shading u-image-1\" data-image-width=\"1024\" data-image-height=\"1024\" style=\"background-image: linear-gradient(0deg, rgba(242, 242, 242, 0.4), rgba(242, 242, 242, 0.4)), url(&quot;https:\/\/weidmann-maschinenbau.com\/wp-content\/uploads\/2021\/11\/wp-jun_s_1024.jpg&quot;);\">\n              <div class=\"u-container-layout u-similar-container u-container-layout-1\">\n                <h3 class=\"u-text u-text-palette-1-base u-text-4\">\n                  <a class=\"u-active-none u-border-none u-btn u-button-link u-button-style u-hover-none u-none u-text-palette-1-base u-btn-1\" href=\"https:\/\/weidmann-maschinenbau.com\/fr\/dornpresse-wp-junior\/\">Mod\u00e9le WP-Junior<\/a>\n                <\/h3>\n                <p class=\"u-large-text u-text u-text-body-color u-text-variant u-text-5\">\n                  <a class=\"u-active-none u-border-none u-btn u-button-link u-button-style u-hover-none u-none u-text-palette-1-base u-btn-2\" href=\"https:\/\/weidmann-maschinenbau.com\/fr\/dornpresse-wp-junior\/\"> Indispensable dans tout atelier<\/a>\n                <\/p>\n              <\/div>\n            <\/div>\n            <div class=\"u-container-style u-image u-list-item u-repeater-item u-shading u-image-2\" data-image-width=\"1024\" data-image-height=\"1024\" style=\"background-image: linear-gradient(0deg, rgba(242, 242, 242, 0.4), rgba(242, 242, 242, 0.4)), url(&quot;https:\/\/weidmann-maschinenbau.com\/wp-content\/uploads\/2021\/11\/wp-u-jun_r_1024.jpg&quot;);\">\n              <div class=\"u-container-layout u-similar-container u-container-layout-2\">\n                <h3 class=\"u-text u-text-palette-1-base u-text-6\">\n                  <a class=\"u-active-none u-border-none u-btn u-button-link u-button-style u-hover-none u-none u-text-palette-1-base u-btn-3\" href=\"https:\/\/weidmann-maschinenbau.com\/fr\/dornpresse-wp-u-junior\/\">Mod\u00e9le WP-U-Junior<\/a>\n                <\/h3>\n                <p class=\"u-large-text u-text u-text-body-color u-text-variant u-text-7\">\n                  <a class=\"u-active-none u-border-none u-btn u-button-link u-button-style u-hover-none u-none u-text-palette-1-base u-btn-4\" href=\"https:\/\/weidmann-maschinenbau.com\/fr\/dornpresse-wp-u-junior\/\"> Particuli\u00e8rement adapt\u00e9 aux travaux de montage tr\u00e8s fins<\/a>\n                <\/p>\n              <\/div>\n            <\/div>\n            <div class=\"u-container-style u-image u-list-item u-repeater-item u-shading u-image-3\" data-image-width=\"1024\" data-image-height=\"1024\" style=\"background-image: linear-gradient(0deg, rgba(242, 242, 242, 0.4), rgba(242, 242, 242, 0.4)), url(&quot;https:\/\/weidmann-maschinenbau.com\/wp-content\/uploads\/2021\/11\/hwp5_s_2_1024.jpg&quot;);\">\n              <div class=\"u-container-layout u-similar-container u-container-layout-3\">\n                <h3 class=\"u-text u-text-palette-1-base u-text-8\">\n                  <a class=\"u-active-none u-border-none u-btn u-button-link u-button-style u-hover-none u-none u-text-palette-1-base u-btn-5\" href=\"https:\/\/weidmann-maschinenbau.com\/fr\/dornpresse-hwp5\/\">Mod\u00e9le HWP5<\/a>\n                <\/h3>\n                <p class=\"u-large-text u-text u-text-body-color u-text-variant u-text-9\">\n                  <a class=\"u-active-none u-border-none u-btn u-button-link u-button-style u-hover-none u-none u-text-palette-1-base u-btn-6\" href=\"https:\/\/weidmann-maschinenbau.com\/fr\/dornpresse-hwp5\/\"> Performances exceptionnelles pour une construction compacte<\/a>\n                <\/p>\n              <\/div>\n            <\/div>\n            <div class=\"u-container-style u-image u-list-item u-repeater-item u-shading u-image-4\" data-image-width=\"1024\" data-image-height=\"1024\" style=\"background-image: linear-gradient(0deg, rgba(242, 242, 242, 0.4), rgba(242, 242, 242, 0.4)), url(&quot;https:\/\/weidmann-maschinenbau.com\/wp-content\/uploads\/2021\/11\/ep5_s_1024.jpg&quot;);\">\n              <div class=\"u-container-layout u-similar-container u-container-layout-4\">\n                <h3 class=\"u-text u-text-palette-1-base u-text-10\">\n                  <a class=\"u-active-none u-border-none u-btn u-button-link u-button-style u-hover-none u-none u-text-palette-1-base u-btn-7\" href=\"https:\/\/weidmann-maschinenbau.com\/fr\/dornpresse-ep5\/\">Mod\u00e9le EP5<\/a>\n                <\/h3>\n                <p class=\"u-large-text u-text u-text-body-color u-text-variant u-text-11\">\n                  <a class=\"u-active-none u-border-none u-btn u-button-link u-button-style u-hover-none u-none u-text-palette-1-base u-btn-8\" href=\"https:\/\/weidmann-maschinenbau.com\/fr\/dornpresse-ep5\/\"> Hauteur libre et profondeur d\u2019\u00e9trier importantes<\/a>\n                <\/p>\n              <\/div>\n            <\/div>\n            <div class=\"u-container-style u-image u-list-item u-repeater-item u-shading u-image-5\" data-image-width=\"1024\" data-image-height=\"1024\" style=\"background-image: linear-gradient(0deg, rgba(242, 242, 242, 0.4), rgba(242, 242, 242, 0.4)), url(&quot;https:\/\/weidmann-maschinenbau.com\/wp-content\/uploads\/2021\/11\/mv5_r_tisch_1024.jpg&quot;);\">\n              <div class=\"u-container-layout u-similar-container u-container-layout-5\">\n                <h3 class=\"u-text u-text-palette-1-base u-text-12\">\n                  <a class=\"u-active-none u-border-none u-btn u-button-link u-button-style u-hover-none u-none u-text-palette-1-base u-btn-9\" href=\"https:\/\/weidmann-maschinenbau.com\/fr\/dornpresse-mv5\/\">Mod\u00e9le MV5<\/a>\n                <\/h3>\n                <p class=\"u-large-text u-text u-text-body-color u-text-variant u-text-13\">\n                  <a class=\"u-active-none u-border-none u-btn u-button-link u-button-style u-hover-none u-none u-text-palette-1-base u-btn-10\" href=\"https:\/\/weidmann-maschinenbau.com\/fr\/dornpresse-mv5\/\"> Avec table r\u00e9glable \u00e0 quatre positions<\/a>\n                <\/p>\n              <\/div>\n            <\/div>\n            <div class=\"u-container-style u-image u-list-item u-repeater-item u-shading u-image-6\" data-image-width=\"916\" data-image-height=\"1600\" style=\"background-image: linear-gradient(0deg, rgba(242, 242, 242, 0.4), rgba(242, 242, 242, 0.4)), url(&quot;https:\/\/weidmann-maschinenbau.com\/wp-content\/uploads\/2021\/11\/sonderpressen_img_9515_2560.jpg&quot;);\">\n              <div class=\"u-container-layout u-similar-container u-container-layout-6\">\n                <h3 class=\"u-text u-text-palette-1-base u-text-14\">\n                  <a class=\"u-active-none u-border-none u-btn u-button-link u-button-style u-hover-none u-none u-text-palette-1-base u-btn-11\" href=\"https:\/\/weidmann-maschinenbau.com\/fr\/sonderpressen\/\">Presses sp\u00e9ciales<\/a>\n                <\/h3>\n                <p class=\"u-large-text u-text u-text-body-color u-text-variant u-text-15\">\n                  <a class=\"u-active-none u-border-none u-btn u-button-link u-button-style u-hover-none u-none u-text-palette-1-base u-btn-12\" href=\"https:\/\/weidmann-maschinenbau.com\/fr\/sonderpressen\/\"> Difficile de faire plus individuel!<\/a>\n                <\/p>\n              <\/div>\n            <\/div>\n          <\/div>\n        <\/div>\n      <\/div>\n      \n    <\/section>\n    <section class=\"skrollable u-clearfix u-image u-parallax u-shading u-section-4\" id=\"H-Ueberuns\" data-image-width=\"1024\" data-image-height=\"1024\" style=\"background-image: linear-gradient(0deg, rgba(255, 255, 255, 0.45), rgba(255, 255, 255, 0.45)), url(&quot;https:\/\/weidmann-maschinenbau.com\/wp-content\/uploads\/2021\/11\/sonderpressen_img_9512_1024.jpg&quot;);\">\n      <div class=\"u-clearfix u-sheet u-sheet-1\">\n        <h2 class=\"u-align-left u-text u-text-palette-3-base u-text-1\"> Notre entreprise<\/h2>\n        <p class=\"u-align-justify u-text u-text-body-color u-text-2\"> L\u2019entreprise Weidmann Maschinenbau a \u00e9t\u00e9 fond\u00e9e en 1943 et fournissait alors l\u2019industrie des machines. Elle a commenc\u00e9 d\u00e8s 1950 \u00e0 fabriquer ses premi\u00e8res presses m\u00e9ca-niques. Depuis, la gamme des presses n\u2019a cess\u00e9 d\u2019\u00eatre \u00e9largi et compl\u00e9t\u00e9.<br>Aujourd\u2019hui, nous sommes en mesure de vous proposer une large gamme de presses m\u00e9caniques assurant jusqu\u2019\u00e0 5 tonnes de pression. Gr\u00e2ce \u00e0 notre personnel qualifi\u00e9 et \u00e0 notre parc de machines bien \u00e9quip\u00e9, nous pouvons \u00e9galement fabriquer des presses sp\u00e9-ciales qui r\u00e9pondent \u00e0 vos besoins.\nActuellement, plus de 5000 presses Weidmann sont quotidiennement en action dans plus de 30 pays.&nbsp;<br>\n          <br>\n          <span style=\"font-weight: 700;\">Profitez de notre savoir-faire!<\/span>\n        <\/p>\n        <a href=\"https:\/\/weidmann-maschinenbau.com\/fr\/firma\/#F-Intro\" class=\"u-active-none u-border-none u-btn u-button-style u-hover-palette-1-dark-1 u-palette-3-base u-btn-1\">Autres informations<\/a>\n      <\/div>\n    <\/section>\n    <section class=\"u-clearfix u-section-5\" id=\"carousel_f671\">\n      <div class=\"u-clearfix u-sheet u-sheet-1\">\n        <h2 class=\"u-align-left u-text u-text-1\"> Par des pros pour les pros<\/h2>\n        <p class=\"u-align-justify u-text u-text-2 translation-block\">Les presses \u00e0 mandriner Weidmann sont synonymes de qualit\u00e9 et de pr\u00e9cision maximales. Pour la fabrication de nos presses, nous n\u2019utilisons que des mat\u00e9riaux tr\u00e8s qualitatifs, usin\u00e9s avec le plus grand soin et une longue exp\u00e9rience en Suisse. Nos produits sont massifs et durables, simples et s\u00fbrs \u00e0 l\u2019utilisation, fiables et pratiquement exempts d\u2019entretien, et r\u00e9sistent aux sollicitations les plus \u00e9lev\u00e9es. Ils poss\u00e8dent donc tous les attributs des produits suisses authentiques \u2013 SWISS MADE \u00e0 Glattbrugg.<\/p>\n        <img decoding=\"async\" class=\"u-image u-image-default u-preserve-proportions u-image-1\" src=\"https:\/\/weidmann-maschinenbau.com\/wp-content\/uploads\/2021\/11\/swisslabel_200-1.png\" alt=\"\" data-image-width=\"182\" data-image-height=\"200\">\n        <p class=\"u-align-justify u-text u-text-3\">Plus d'informations sur : <a href=\"https:\/\/weidmann-maschinenbau.com\/fr\/dornpressen\/\" class=\"u-active-none u-border-none u-btn u-button-link u-button-style u-hover-none u-none u-text-palette-1-base u-btn-1\">Presses<\/a>,&nbsp; <a href=\"https:\/\/weidmann-maschinenbau.com\/html\/assembly-press.html\" class=\"u-active-none u-border-none u-btn u-button-link u-button-style u-hover-none u-none u-text-palette-1-base u-btn-2\">presses de montage<\/a>, presses \u00e0 brocher et <a href=\"https:\/\/weidmann-maschinenbau.com\/html\/hand-lever-press.html\" class=\"u-active-none u-border-none u-btn u-button-link u-button-style u-hover-none u-none u-text-palette-1-base u-btn-3\"> presses \u00e0 levier manuel<\/a>. \n        <\/p>\n      <\/div>\n    <\/section>","protected":false},"excerpt":{"rendered":"<p>Der Spezialist f\u00fcr Dornpressen Von Profis \u2013 f\u00fcr Profis Dornpressen Weidmann Dornpressen eignen sich nicht nur f\u00fcr alle Ein- und Auspressarbeiten von 1.5 bis 5 Tonnen Druck (je nach Typ) sondern auch zum R\u00e4umen, Richten, Pressen, Biegen, Nieten, Pr\u00e4gen, Stanzen und f\u00fcr Montagearbeiten \u2013 besonders im Fahrzeug- und Maschinenbau. Weitere beliebte Einsatzbereiche sind Service-, Unterhalts- &hellip; <a href=\"https:\/\/weidmann-maschinenbau.com\/fr\/\" class=\"more-link\">Continue reading<span class=\"screen-reader-text\"> &#8220;Home&#8221;<\/span><\/a><\/p>","protected":false},"author":1,"featured_media":0,"parent":0,"menu_order":3,"comment_status":"closed","ping_status":"closed","template":"","meta":{"footnotes":""},"class_list":["post-85","page","type-page","status-publish","hentry"],"_links":{"self":[{"href":"https:\/\/weidmann-maschinenbau.com\/fr\/wp-json\/wp\/v2\/pages\/85","targetHints":{"allow":["GET"]}}],"collection":[{"href":"https:\/\/weidmann-maschinenbau.com\/fr\/wp-json\/wp\/v2\/pages"}],"about":[{"href":"https:\/\/weidmann-maschinenbau.com\/fr\/wp-json\/wp\/v2\/types\/page"}],"author":[{"embeddable":true,"href":"https:\/\/weidmann-maschinenbau.com\/fr\/wp-json\/wp\/v2\/users\/1"}],"replies":[{"embeddable":true,"href":"https:\/\/weidmann-maschinenbau.com\/fr\/wp-json\/wp\/v2\/comments?post=85"}],"version-history":[{"count":31,"href":"https:\/\/weidmann-maschinenbau.com\/fr\/wp-json\/wp\/v2\/pages\/85\/revisions"}],"predecessor-version":[{"id":470,"href":"https:\/\/weidmann-maschinenbau.com\/fr\/wp-json\/wp\/v2\/pages\/85\/revisions\/470"}],"wp:attachment":[{"href":"https:\/\/weidmann-maschinenbau.com\/fr\/wp-json\/wp\/v2\/media?parent=85"}],"curies":[{"name":"wp","href":"https:\/\/api.w.org\/{rel}","templated":true}]}}