{"id":92,"date":"2021-11-26T14:40:49","date_gmt":"2021-11-26T14:40:49","guid":{"rendered":"https:\/\/weidmann-maschinenbau.com\/index.php\/sonderpressen\/"},"modified":"2021-12-14T15:11:29","modified_gmt":"2021-12-14T15:11:29","slug":"sonderpressen","status":"publish","type":"page","link":"https:\/\/weidmann-maschinenbau.com\/en\/sonderpressen\/","title":{"rendered":"Customised presses"},"content":{"rendered":"<section class=\"skrollable u-clearfix u-image u-shading u-section-2\" src=\"\" id=\"DPSO-Intro\" data-image-width=\"1600\" data-image-height=\"1066\" style=\"background-image: linear-gradient(0deg, rgba(255, 255, 255, 0.35), rgba(255, 255, 255, 0.35)), url(&quot;https:\/\/weidmann-maschinenbau.com\/wp-content\/uploads\/2021\/11\/stimmungs_detailbilder_detail2_2560.jpg&quot;);\">\n      <div class=\"u-clearfix u-sheet u-valign-middle-sm u-valign-middle-xs u-sheet-1\">\n        <h1 class=\"u-text u-text-palette-1-base u-title u-text-1\">Customised presses<\/h1>\n        <h2 class=\"u-subtitle u-text u-text-palette-1-base u-text-2\">As individual as it gets!<\/h2>\n      <\/div>\n    <\/section>\n    <section class=\"u-align-center u-clearfix u-section-3\" id=\"DPSO-Sonderpressen\">\n      <div class=\"u-clearfix u-sheet u-sheet-1\">\n        <h2 class=\"u-align-left u-text u-text-1\">Customised presses<\/h2>\n        <p class=\"u-align-justify u-text u-text-default u-text-2\"> We can also manufacture customised presses to meet your own specific requirements, based on our existing range of presses. We can provide larger internal clearance heights, larger projections (throat depths) and screw-on press heads, and we can produce pivoting presses for assembly lines.<br>Benefit from our vast experience in the manufacture of customised presses. \n        <\/p>\n        <div class=\"u-clearfix u-expanded-width-lg u-expanded-width-md u-expanded-width-sm u-expanded-width-xs u-gutter-14 u-layout-wrap u-layout-wrap-1\">\n          <div class=\"u-layout\">\n            <div class=\"u-layout-row\">\n              <div class=\"u-size-30 u-size-60-md\">\n                <div class=\"u-layout-col\">\n                  <div class=\"u-container-style u-image u-layout-cell u-left-cell u-size-60 u-image-1\" src=\"\" data-image-width=\"1024\" data-image-height=\"1024\" style=\"background-image: url(&quot;https:\/\/weidmann-maschinenbau.com\/wp-content\/uploads\/2021\/11\/sonderpressen_img_9512_1024.jpg&quot;);\">\n                    <div class=\"u-container-layout u-container-layout-1\"><\/div>\n                  <\/div>\n                <\/div>\n              <\/div>\n              <div class=\"u-size-30 u-size-60-md\">\n                <div class=\"u-layout-col\">\n                  <div class=\"u-size-30\">\n                    <div class=\"u-layout-row\">\n                      <div class=\"u-container-style u-image u-layout-cell u-size-30 u-image-2\" src=\"\" data-image-width=\"1024\" data-image-height=\"1024\" style=\"background-image: url(&quot;https:\/\/weidmann-maschinenbau.com\/wp-content\/uploads\/2021\/11\/sonderpressen_img_9515_1024.jpg&quot;);\">\n                        <div class=\"u-container-layout u-container-layout-2\"><\/div>\n                      <\/div>\n                      <div class=\"u-container-style u-layout-cell u-palette-3-base u-right-cell u-size-30 u-layout-cell-3\" src=\"\">\n                        <div class=\"u-container-layout u-container-layout-3\">\n                          <h4 class=\"u-text u-text-default u-text-3\">Customised presses<\/h4>\n                          <p class=\"u-large-text u-text u-text-variant u-text-4\"> As individual as it gets!<\/p>\n                        <\/div>\n                      <\/div>\n                    <\/div>\n                  <\/div>\n                  <div class=\"u-size-30\">\n                    <div class=\"u-layout-row\">\n                      <div class=\"u-container-style u-layout-cell u-palette-3-base u-size-30 u-layout-cell-4\" src=\"\">\n                        <div class=\"u-container-layout u-container-layout-4\">\n                          <h4 class=\"u-text u-text-5\">Key data<\/h4>\n                          <p class=\"u-text u-text-6\">Customised clearance heights and throat depths, screw-on press heads, pivoting presses for assembly lines and much, much more.<\/p>\n                        <\/div>\n                      <\/div>\n                      <div class=\"u-container-style u-image u-layout-cell u-right-cell u-size-30 u-image-3\" src=\"\" data-image-width=\"1600\" data-image-height=\"1397\" style=\"background-image: url(&quot;https:\/\/weidmann-maschinenbau.com\/wp-content\/uploads\/2021\/11\/sonderpressen_img_9517_2560.jpg&quot;);\">\n                        <div class=\"u-container-layout u-container-layout-5\"><\/div>\n                      <\/div>\n                    <\/div>\n                  <\/div>\n                <\/div>\n              <\/div>\n            <\/div>\n          <\/div>\n        <\/div>\n      <\/div>\n    <\/section>\n    <section class=\"u-align-center u-clearfix u-grey-5 u-section-4\" id=\"DPSO-Gallery\">\n      <div class=\"u-clearfix u-sheet u-sheet-1\">\n        <h2 class=\"u-align-left u-text u-text-default u-text-1\">Gallery customised presses<\/h2>\n        <div class=\"u-expanded-width u-gallery u-layout-horizontal u-lightbox u-no-transition u-show-text-on-hover u-width-fixed u-gallery-1\">\n          <div class=\"u-gallery-inner\"><div class=\"u-effect-fade u-gallery-item u-gallery-item-1\"><div class=\"u-back-slide\" data-image-width=\"1024\" data-image-height=\"1024\"><img decoding=\"async\" class=\"u-back-image u-back-image-1\" src=\"https:\/\/weidmann-maschinenbau.com\/wp-content\/uploads\/2021\/11\/sonderpressen_img_9512_1024.jpg\" alt=\"\">\n<\/div><div class=\"u-align-left u-over-slide u-shading u-over-slide-1\"><h5 class=\"u-gallery-heading\" style=\"margin-left: 0px; margin-right: auto;\"><\/h5><p class=\"u-gallery-text\" style=\"margin-left: 0px; margin-right: auto;\"><\/p>\n<\/div>\n<\/div><div class=\"u-effect-fade u-gallery-item u-gallery-item-2\"><div class=\"u-back-slide\" data-image-width=\"1465\" data-image-height=\"2560\"><img decoding=\"async\" class=\"u-back-image u-back-image-2\" src=\"https:\/\/weidmann-maschinenbau.com\/wp-content\/uploads\/2021\/11\/sonderpressen_img_9515_2560.jpg?rand=6638\" alt=\"\">\n<\/div><div class=\"u-align-left u-over-slide u-shading u-over-slide-2\"><h5 class=\"u-gallery-heading\" style=\"margin-left: 0px; margin-right: auto;\"><\/h5><p class=\"u-gallery-text\" style=\"margin-left: 0px; margin-right: auto;\"><\/p>\n<\/div>\n<\/div><div class=\"u-effect-fade u-gallery-item u-gallery-item-3\"><div class=\"u-back-slide\" data-image-width=\"1600\" data-image-height=\"1397\"><img decoding=\"async\" class=\"u-back-image u-back-image-3\" src=\"https:\/\/weidmann-maschinenbau.com\/wp-content\/uploads\/2021\/11\/sonderpressen_img_9517_2560.jpg\" alt=\"\">\n<\/div><div class=\"u-align-left u-over-slide u-shading u-over-slide-3\"><h5 class=\"u-gallery-heading\" style=\"margin-left: 0px; margin-right: auto;\"><\/h5><p class=\"u-gallery-text\" style=\"margin-left: 0px; margin-right: auto;\"><\/p>\n<\/div>\n<\/div><\/div>\n          <a class=\"u-absolute-vcenter u-gallery-nav u-gallery-nav-prev u-icon-circle u-opacity u-opacity-70 u-gallery-nav-1\" href=\"#\" role=\"button\">\n            <span aria-hidden=\"true\">\n              <svg viewbox=\"0 0 256 256\"><g><polygon points=\"207.093,30.187 176.907,0 48.907,128 176.907,256 207.093,225.813 109.28,128\"><\/polygon>\n<\/g><\/svg>\n            <\/span>\n            <span class=\"sr-only\">\n              <svg viewbox=\"0 0 256 256\"><g><polygon points=\"207.093,30.187 176.907,0 48.907,128 176.907,256 207.093,225.813 109.28,128\"><\/polygon>\n<\/g><\/svg>\n            <\/span>\n          <\/a>\n          <a class=\"u-absolute-vcenter u-gallery-nav u-gallery-nav-next u-icon-circle u-opacity u-opacity-70 u-gallery-nav-2\" href=\"#\" role=\"button\">\n            <span aria-hidden=\"true\">\n              <svg viewbox=\"0 0 306 306\"><g id=\"chevron-right\"><polygon points=\"94.35,0 58.65,35.7 175.95,153 58.65,270.3 94.35,306 247.35,153\"><\/polygon>\n<\/g><\/svg>\n            <\/span>\n            <span class=\"sr-only\">\n              <svg viewbox=\"0 0 306 306\"><g id=\"chevron-right\"><polygon points=\"94.35,0 58.65,35.7 175.95,153 58.65,270.3 94.35,306 247.35,153\"><\/polygon>\n<\/g><\/svg>\n            <\/span>\n          <\/a>\n        <\/div>\n      <\/div>\n    <\/section>","protected":false},"excerpt":{"rendered":"<p>Sonderpressen Individueller geht nicht! Sonderpressen Aufbauend auf unserem Pressenprogramm sind wir auch in der Lage, Spezialpressen nach Ihren Bed\u00fcrfnissen herzustellen. Gr\u00f6ssere Einbauh\u00f6he, gr\u00f6ssere Ausladung oder anschraubbare Pressenk\u00f6pfe k\u00f6nnen genau so angefertigt werden wie schwenkbare Pressen f\u00fcr Montagestrassen.Nutzen Sie unsere langj\u00e4hrige Erfahrung auch im Spezial-Pressenbau. Sonde\u200brpressen Individueller geht nicht! Eckdaten Individuelle Einbauh\u00f6he oder Ausladung, anschraubbare Pressenk\u00f6pfe, &hellip; <a href=\"https:\/\/weidmann-maschinenbau.com\/en\/sonderpressen\/\" class=\"more-link\">Continue reading<span class=\"screen-reader-text\"> &#8220;Sonderpressen&#8221;<\/span><\/a><\/p>","protected":false},"author":1,"featured_media":0,"parent":0,"menu_order":10,"comment_status":"closed","ping_status":"closed","template":"","meta":{"footnotes":""},"class_list":["post-92","page","type-page","status-publish","hentry"],"_links":{"self":[{"href":"https:\/\/weidmann-maschinenbau.com\/en\/wp-json\/wp\/v2\/pages\/92","targetHints":{"allow":["GET"]}}],"collection":[{"href":"https:\/\/weidmann-maschinenbau.com\/en\/wp-json\/wp\/v2\/pages"}],"about":[{"href":"https:\/\/weidmann-maschinenbau.com\/en\/wp-json\/wp\/v2\/types\/page"}],"author":[{"embeddable":true,"href":"https:\/\/weidmann-maschinenbau.com\/en\/wp-json\/wp\/v2\/users\/1"}],"replies":[{"embeddable":true,"href":"https:\/\/weidmann-maschinenbau.com\/en\/wp-json\/wp\/v2\/comments?post=92"}],"version-history":[{"count":3,"href":"https:\/\/weidmann-maschinenbau.com\/en\/wp-json\/wp\/v2\/pages\/92\/revisions"}],"predecessor-version":[{"id":265,"href":"https:\/\/weidmann-maschinenbau.com\/en\/wp-json\/wp\/v2\/pages\/92\/revisions\/265"}],"wp:attachment":[{"href":"https:\/\/weidmann-maschinenbau.com\/en\/wp-json\/wp\/v2\/media?parent=92"}],"curies":[{"name":"wp","href":"https:\/\/api.w.org\/{rel}","templated":true}]}}