{"id":85,"date":"2021-11-26T14:40:42","date_gmt":"2021-11-26T14:40:42","guid":{"rendered":"https:\/\/weidmann-maschinenbau.com\/index.php\/home\/"},"modified":"2026-01-05T06:36:44","modified_gmt":"2026-01-05T06:36:44","slug":"home","status":"publish","type":"page","link":"https:\/\/weidmann-maschinenbau.com\/en\/","title":{"rendered":"home"},"content":{"rendered":"<section class=\"skrollable u-clearfix u-image u-parallax u-shading u-section-2\" src=\"\" id=\"H-Intro\" data-image-width=\"1600\" data-image-height=\"1066\" style=\"background-image: linear-gradient(0deg, rgba(255, 255, 255, 0.1), rgba(255, 255, 255, 0.1)), url(&quot;https:\/\/weidmann-maschinenbau.com\/wp-content\/uploads\/2021\/11\/stimmungs_detailbilder_detail2_2560.jpg&quot;);\">\n      <div class=\"u-clearfix u-sheet u-sheet-1\">\n        <h1 class=\"u-text u-text-palette-1-base u-title u-text-1\"> The Arbor Press Specialist <\/h1>\n        <h2 class=\"u-subtitle u-text u-text-palette-1-base u-text-2\"> By Professionals \u2013 for Professionals<\/h2>\n      <\/div>\n    <\/section>\n    <section class=\"skrollable u-clearfix u-grey-10 u-section-3\" id=\"carousel_9b7b\">\n      <div class=\"u-clearfix u-sheet u-valign-middle u-sheet-1\">\n        <h2 class=\"u-text u-text-palette-3-base u-text-1\"> Arbor Presses<\/h2>\n        <p class=\"u-align-justify u-hover-feature u-text u-text-body-color u-text-2\"> Weidmann arbor presses carry out any tasks involving pressing in or out, with pressures of 1.5 to 5 tonnes (depending on the type of press), they can also be used for broaching, straightening, pressing, bending, riveting, embossing or punching, and also for assembly work \u2013 particularly in the automotive and mechanical engineering industries. They are also frequently used in servicing, maintenance and repair workshops.&nbsp;<br>The robust construction of Weidmann arbor presses combined with large clearance heights and long strokes make them highly adaptable in use. Our gear spline shafts are made of high-quality, case-hardened steel and the bearing points on the drive shafts are ground and pressure-lubricated. <br>Weidmann arbor presses are distinctive because they are supremely easy to use; they need practically no maintenance and we guarantee the seamless provision of replacement parts at all times.&nbsp;<br>We are the only manufacturer to fit all our arbor presses with a punch retention brake mechanism for safety; this prevents the punch descending of its own accord and minimises the risk of injury.&nbsp;<br>A turntable with four slots is included with every Weidmann arbor press, and our presses can be ordered with either a star or a ring handwheel. We can also supply them in custom-ised colours by request. \n        <\/p>\n        <p class=\"u-text u-text-body-color u-text-3\">Tip: Click on the title to get to whichever press you need.<\/p>\n        <div class=\"u-expanded-width u-list u-list-1\">\n          <div class=\"u-repeater u-repeater-1\">\n            <div class=\"u-container-style u-image u-list-item u-repeater-item u-shading u-image-1\" data-image-width=\"1024\" data-image-height=\"1024\" style=\"background-image: linear-gradient(0deg, rgba(242, 242, 242, 0.4), rgba(242, 242, 242, 0.4)), url(&quot;https:\/\/weidmann-maschinenbau.com\/wp-content\/uploads\/2021\/11\/wp-jun_s_1024.jpg&quot;);\">\n              <div class=\"u-container-layout u-similar-container u-container-layout-1\">\n                <h3 class=\"u-text u-text-palette-1-base u-text-4\">\n                  <a class=\"u-active-none u-border-none u-btn u-button-link u-button-style u-hover-none u-none u-text-palette-1-base u-btn-1\" href=\"https:\/\/weidmann-maschinenbau.com\/en\/dornpresse-wp-junior\/\">Type WP-Junior<\/a>\n                <\/h3>\n                <p class=\"u-large-text u-text u-text-body-color u-text-variant u-text-5\">\n                  <a class=\"u-active-none u-border-none u-btn u-button-link u-button-style u-hover-none u-none u-text-palette-1-base u-btn-2\" href=\"https:\/\/weidmann-maschinenbau.com\/en\/dornpresse-wp-junior\/\"> Indispensable in any workshop<\/a>\n                <\/p>\n              <\/div>\n            <\/div>\n            <div class=\"u-container-style u-image u-list-item u-repeater-item u-shading u-image-2\" data-image-width=\"1024\" data-image-height=\"1024\" style=\"background-image: linear-gradient(0deg, rgba(242, 242, 242, 0.4), rgba(242, 242, 242, 0.4)), url(&quot;https:\/\/weidmann-maschinenbau.com\/wp-content\/uploads\/2021\/11\/wp-u-jun_r_1024.jpg&quot;);\">\n              <div class=\"u-container-layout u-similar-container u-container-layout-2\">\n                <h3 class=\"u-text u-text-palette-1-base u-text-6\">\n                  <a class=\"u-active-none u-border-none u-btn u-button-link u-button-style u-hover-none u-none u-text-palette-1-base u-btn-3\" href=\"https:\/\/weidmann-maschinenbau.com\/en\/dornpresse-wp-u-junior\/\">Type WP-U-Junior<\/a>\n                <\/h3>\n                <p class=\"u-large-text u-text u-text-body-color u-text-variant u-text-7\">\n                  <a class=\"u-active-none u-border-none u-btn u-button-link u-button-style u-hover-none u-none u-text-palette-1-base u-btn-4\" href=\"https:\/\/weidmann-maschinenbau.com\/en\/dornpresse-wp-u-junior\/\"> Suitable for extremely fine assembly operations<\/a>\n                <\/p>\n              <\/div>\n            <\/div>\n            <div class=\"u-container-style u-image u-list-item u-repeater-item u-shading u-image-3\" data-image-width=\"1024\" data-image-height=\"1024\" style=\"background-image: linear-gradient(0deg, rgba(242, 242, 242, 0.4), rgba(242, 242, 242, 0.4)), url(&quot;https:\/\/weidmann-maschinenbau.com\/wp-content\/uploads\/2021\/11\/hwp5_s_2_1024.jpg&quot;);\">\n              <div class=\"u-container-layout u-similar-container u-container-layout-3\">\n                <h3 class=\"u-text u-text-palette-1-base u-text-8\">\n                  <a class=\"u-active-none u-border-none u-btn u-button-link u-button-style u-hover-none u-none u-text-palette-1-base u-btn-5\" href=\"https:\/\/weidmann-maschinenbau.com\/en\/dornpresse-hwp5\/\">Type HWP5<\/a>\n                <\/h3>\n                <p class=\"u-large-text u-text u-text-body-color u-text-variant u-text-9\">\n                  <a class=\"u-active-none u-border-none u-btn u-button-link u-button-style u-hover-none u-none u-text-palette-1-base u-btn-6\" href=\"https:\/\/weidmann-maschinenbau.com\/en\/dornpresse-hwp5\/\"> Exceptional performance in a compact design<\/a>\n                <\/p>\n              <\/div>\n            <\/div>\n            <div class=\"u-container-style u-image u-list-item u-repeater-item u-shading u-image-4\" data-image-width=\"1024\" data-image-height=\"1024\" style=\"background-image: linear-gradient(0deg, rgba(242, 242, 242, 0.4), rgba(242, 242, 242, 0.4)), url(&quot;https:\/\/weidmann-maschinenbau.com\/wp-content\/uploads\/2021\/11\/ep5_s_1024.jpg&quot;);\">\n              <div class=\"u-container-layout u-similar-container u-container-layout-4\">\n                <h3 class=\"u-text u-text-palette-1-base u-text-10\">\n                  <a class=\"u-active-none u-border-none u-btn u-button-link u-button-style u-hover-none u-none u-text-palette-1-base u-btn-7\" href=\"https:\/\/weidmann-maschinenbau.com\/en\/dornpresse-ep5\/\">Type EP5<\/a>\n                <\/h3>\n                <p class=\"u-large-text u-text u-text-body-color u-text-variant u-text-11\">\n                  <a class=\"u-active-none u-border-none u-btn u-button-link u-button-style u-hover-none u-none u-text-palette-1-base u-btn-8\" href=\"https:\/\/weidmann-maschinenbau.com\/en\/dornpresse-ep5\/\"> Generous inside height and capacity<\/a>\n                <\/p>\n              <\/div>\n            <\/div>\n            <div class=\"u-container-style u-image u-list-item u-repeater-item u-shading u-image-5\" data-image-width=\"1024\" data-image-height=\"1024\" style=\"background-image: linear-gradient(0deg, rgba(242, 242, 242, 0.4), rgba(242, 242, 242, 0.4)), url(&quot;https:\/\/weidmann-maschinenbau.com\/wp-content\/uploads\/2021\/11\/mv5_r_tisch_1024.jpg&quot;);\">\n              <div class=\"u-container-layout u-similar-container u-container-layout-5\">\n                <h3 class=\"u-text u-text-palette-1-base u-text-12\">\n                  <a class=\"u-active-none u-border-none u-btn u-button-link u-button-style u-hover-none u-none u-text-palette-1-base u-btn-9\" href=\"https:\/\/weidmann-maschinenbau.com\/en\/dornpresse-mv5\/\">Type MV5<\/a>\n                <\/h3>\n                <p class=\"u-large-text u-text u-text-body-color u-text-variant u-text-13\">\n                  <a class=\"u-active-none u-border-none u-btn u-button-link u-button-style u-hover-none u-none u-text-palette-1-base u-btn-10\" href=\"https:\/\/weidmann-maschinenbau.com\/en\/dornpresse-mv5\/\"> Includes an adjustable, 4-position table<\/a>\n                <\/p>\n              <\/div>\n            <\/div>\n            <div class=\"u-container-style u-image u-list-item u-repeater-item u-shading u-image-6\" data-image-width=\"916\" data-image-height=\"1600\" style=\"background-image: linear-gradient(0deg, rgba(242, 242, 242, 0.4), rgba(242, 242, 242, 0.4)), url(&quot;https:\/\/weidmann-maschinenbau.com\/wp-content\/uploads\/2021\/11\/sonderpressen_img_9515_2560.jpg&quot;);\">\n              <div class=\"u-container-layout u-similar-container u-container-layout-6\">\n                <h3 class=\"u-text u-text-palette-1-base u-text-14\">\n                  <a class=\"u-active-none u-border-none u-btn u-button-link u-button-style u-hover-none u-none u-text-palette-1-base u-btn-11\" href=\"https:\/\/weidmann-maschinenbau.com\/en\/sonderpressen\/\">Customised presses<\/a>\n                <\/h3>\n                <p class=\"u-large-text u-text u-text-body-color u-text-variant u-text-15\">\n                  <a class=\"u-active-none u-border-none u-btn u-button-link u-button-style u-hover-none u-none u-text-palette-1-base u-btn-12\" href=\"https:\/\/weidmann-maschinenbau.com\/en\/sonderpressen\/\"> As individual as it gets!<\/a>\n                <\/p>\n              <\/div>\n            <\/div>\n          <\/div>\n        <\/div>\n      <\/div>\n      \n    <\/section>\n    <section class=\"skrollable u-clearfix u-image u-parallax u-shading u-section-4\" id=\"H-Ueberuns\" data-image-width=\"1024\" data-image-height=\"1024\" style=\"background-image: linear-gradient(0deg, rgba(255, 255, 255, 0.45), rgba(255, 255, 255, 0.45)), url(&quot;https:\/\/weidmann-maschinenbau.com\/wp-content\/uploads\/2021\/11\/sonderpressen_img_9512_1024.jpg&quot;);\">\n      <div class=\"u-clearfix u-sheet u-sheet-1\">\n        <h2 class=\"u-align-left u-text u-text-palette-3-base u-text-1\"> About us<\/h2>\n        <p class=\"u-align-justify u-text u-text-body-color u-text-2\"> Weidmann Maschinenbau was established in 1943 as a supplier to the mechanical engi-neering industry. It began manufacturing its own mechanical press products in 1950. Since that time, it has constantly developed and supplemented its range of presses.<br>These days, we offer a full range of mechanical presses up to a pressure rating of 5 tonnes. Our highly-trained staff and well-equipped machine shop also enable us to manufacture customised presses to meet your own specific requirements.\nCurrently, there are far in excess of 5000 Weidmann presses in daily use in more than 30 different countries.&nbsp;<br>\n          <br>\n          <span style=\"font-weight: 700;\">You too can take advantage of our expertise.<\/span>\n        <\/p>\n        <a href=\"https:\/\/weidmann-maschinenbau.com\/en\/firma\/#F-Intro\" class=\"u-active-none u-border-none u-btn u-button-style u-hover-palette-1-dark-1 u-palette-3-base u-btn-1\">Additional information<\/a>\n      <\/div>\n    <\/section>\n    <section class=\"u-clearfix u-section-5\" id=\"carousel_f671\">\n      <div class=\"u-clearfix u-sheet u-sheet-1\">\n        <h2 class=\"u-align-left u-text u-text-1\"> By Professionals \u2013 for Professionals<\/h2>\n        <p class=\"u-align-justify u-text u-text-2 translation-block\">Weidmann arbor presses are a byword for first-rate quality and precision. We manufacture our presses in Switzerland, using only high-quality materials, processed with the greatest of care on the basis of our wealth of experience. Our products are sturdy and durable; easy and safe to use; reliable and practically maintenance-free. They also stand up successfully to the toughest of demands. A true example of genuine Swiss products \u2013 SWISS MADE in Glattbrugg.<\/p>\n        <img decoding=\"async\" class=\"u-image u-image-default u-preserve-proportions u-image-1\" src=\"https:\/\/weidmann-maschinenbau.com\/wp-content\/uploads\/2021\/11\/swisslabel_200-1.png\" alt=\"\" data-image-width=\"182\" data-image-height=\"200\">\n        <p class=\"u-align-justify u-text u-text-3\">More information about: <a href=\"https:\/\/weidmann-maschinenbau.com\/en\/dornpressen\/\" class=\"u-active-none u-border-none u-btn u-button-link u-button-style u-hover-none u-none u-text-palette-1-base u-btn-1\">Presses<\/a>,&nbsp; <a href=\"https:\/\/weidmann-maschinenbau.com\/html\/assembly-press.html\" class=\"u-active-none u-border-none u-btn u-button-link u-button-style u-hover-none u-none u-text-palette-1-base u-btn-2\">assembly presses<\/a>, broaching presses and <a href=\"https:\/\/weidmann-maschinenbau.com\/html\/hand-lever-press.html\" class=\"u-active-none u-border-none u-btn u-button-link u-button-style u-hover-none u-none u-text-palette-1-base u-btn-3\"> hand lever presses<\/a>. \n        <\/p>\n      <\/div>\n    <\/section>","protected":false},"excerpt":{"rendered":"<p>Der Spezialist f\u00fcr Dornpressen Von Profis \u2013 f\u00fcr Profis Dornpressen Weidmann Dornpressen eignen sich nicht nur f\u00fcr alle Ein- und Auspressarbeiten von 1.5 bis 5 Tonnen Druck (je nach Typ) sondern auch zum R\u00e4umen, Richten, Pressen, Biegen, Nieten, Pr\u00e4gen, Stanzen und f\u00fcr Montagearbeiten \u2013 besonders im Fahrzeug- und Maschinenbau. Weitere beliebte Einsatzbereiche sind Service-, Unterhalts- &hellip; <a href=\"https:\/\/weidmann-maschinenbau.com\/en\/\" class=\"more-link\">Continue reading<span class=\"screen-reader-text\"> &#8220;Home&#8221;<\/span><\/a><\/p>","protected":false},"author":1,"featured_media":0,"parent":0,"menu_order":3,"comment_status":"closed","ping_status":"closed","template":"","meta":{"footnotes":""},"class_list":["post-85","page","type-page","status-publish","hentry"],"_links":{"self":[{"href":"https:\/\/weidmann-maschinenbau.com\/en\/wp-json\/wp\/v2\/pages\/85","targetHints":{"allow":["GET"]}}],"collection":[{"href":"https:\/\/weidmann-maschinenbau.com\/en\/wp-json\/wp\/v2\/pages"}],"about":[{"href":"https:\/\/weidmann-maschinenbau.com\/en\/wp-json\/wp\/v2\/types\/page"}],"author":[{"embeddable":true,"href":"https:\/\/weidmann-maschinenbau.com\/en\/wp-json\/wp\/v2\/users\/1"}],"replies":[{"embeddable":true,"href":"https:\/\/weidmann-maschinenbau.com\/en\/wp-json\/wp\/v2\/comments?post=85"}],"version-history":[{"count":31,"href":"https:\/\/weidmann-maschinenbau.com\/en\/wp-json\/wp\/v2\/pages\/85\/revisions"}],"predecessor-version":[{"id":470,"href":"https:\/\/weidmann-maschinenbau.com\/en\/wp-json\/wp\/v2\/pages\/85\/revisions\/470"}],"wp:attachment":[{"href":"https:\/\/weidmann-maschinenbau.com\/en\/wp-json\/wp\/v2\/media?parent=85"}],"curies":[{"name":"wp","href":"https:\/\/api.w.org\/{rel}","templated":true}]}}